{"id":366,"date":"2018-01-06T20:53:40","date_gmt":"2018-01-06T20:53:40","guid":{"rendered":"http:\/\/tonderjugend.com\/?page_id=366"},"modified":"2018-03-29T12:04:25","modified_gmt":"2018-03-29T12:04:25","slug":"andjela-sibinovic","status":"publish","type":"page","link":"https:\/\/tonderjugend.com\/en\/orchester\/andjela-sibinovic\/","title":{"rendered":"Andjela Sibinovic"},"content":{"rendered":"<p>[et_pb_section fb_built=&#8220;1&#8243; _builder_version=&#8220;3.0.93&#8243;][et_pb_row _builder_version=&#8220;3.0.93&#8243;][et_pb_column type=&#8220;1_2&#8243; _builder_version=&#8220;3.0.93&#8243; parallax=&#8220;off&#8220; parallax_method=&#8220;on&#8220;][et_pb_image src=&#8220;http:\/\/tonderjugend.com\/wp-content\/uploads\/2018\/01\/andjela_sibinovic_ton_der_jugend.jpg&#8220; _builder_version=&#8220;3.0.93&#8243;][\/et_pb_image][\/et_pb_column][et_pb_column type=&#8220;1_2&#8243; _builder_version=&#8220;3.0.93&#8243; parallax=&#8220;off&#8220; parallax_method=&#8220;on&#8220;][et_pb_text _builder_version=&#8220;3.0.93&#8243; text_font=&#8220;Open Sans||||||||&#8220; text_font_size=&#8220;15px&#8220; text_line_height=&#8220;1.8em&#8220; header_font=&#8220;Open Sans|300|||||||&#8220; header_font_size=&#8220;40px&#8220; header_letter_spacing=&#8220;5px&#8220;]<\/p>\n<h1>Andjela Sibinovic<\/h1>\n<p>\u00a0<\/p>\n<p><span id=\"E49\">Andjela\u00a0Sibinovic\u00a0wurde am 23. Juni 1996 in Belgrad, Serbien geboren und hat in der Musikschule Geige und auch Viola Unterricht bekommen. Sie hat viele Konzerte als Solistin, aber auch in Kammermusik-Ensambles\u00a0und in Orchestern\u00a0in\u00a0den gro\u00dfen\u00a0S\u00e4alen\u00a0im ganzen Serbien gespielt.<\/span><span id=\"E50\"> <\/span><span id=\"E51\">\u00a0Im Sommer 2009 und 2010 hat \u00a0sie an den \u201cMusika\u00a0mundi\u201c Kammermusik-Meis<\/span><span id=\"E52\">terkurs in Belgien teilgenommen, mit Tutoren Maxim Vengerov, <\/span><span id=\"E53\">Ivry Gitlis, Jan Vanderwegen etc.<\/span><span id=\"E54\">\u00a0Sommer 2012 bekommt sie einen Abschluss von den Musikgymnasien \u201cMokranjac\u201c (Geige bei Prof. Viktor\u00a0Bajler) und &#8220;Dr. Vojislav\u00a0Vu\u010dkovi\u0107&#8220; (Viola bei Prof. Jovan Stojanovic). Seit 2012 studiert sie an der Universit\u00e4t\u00a0f\u00fcr Musik <\/span><span id=\"E55\">und darstellende Kunst in Wien bei Prof. Wolfgang Klos<\/span><span id=\"E56\">.<\/span><\/p>\n<p id=\"E58\"><span id=\"E59\"> <\/span><span id=\"E60\">Im alter von 9 Jahre wurde mit dem Laureat des <\/span><span id=\"E61\">\u201eWettbewerbs <\/span><span id=\"E62\">des Republik Serbien\u201c ausgezeichnet. <\/span><span id=\"E63\">Sie <\/span><span id=\"E64\"> <\/span><span id=\"E65\">ist Preistr\u00e4gerin zahlreicher <\/span><span id=\"E66\">internationaler <\/span><span id=\"E67\">Wettbewerbe<\/span><span id=\"E68\"> in<\/span><span id=\"E69\"> <\/span><span id=\"E70\">Serbien, Italien, Rum\u00e4nien.I<\/span><span id=\"E71\">m Sommer 2015, hat sie\u00a0Sonderpreis f\u00fcr eine herausragende Interpretation der Sonate von Paul Hindemith,\u00a0w\u00e4hrend &#8222;Brahms Wettbewerb&#8220; in P\u00f6rtschach<\/span><span id=\"E72\">, \u00d6sterreich bekommen. Sie ist<\/span><span id=\"E73\"> <\/span><span id=\"E74\">erste <\/span><span id=\"E75\">Preistr\u00e4gerin des <\/span><span id=\"E76\">Landes<\/span><span id=\"E77\">&#8211; und <\/span><span id=\"E78\">Bundeswettbe<\/span><span id=\"E79\">werb Prima la musica<\/span><span id=\"E80\">. Sie hat der \u201cBenjamin-Preis\u201c bekommen, als die jungste Studentin des 2. Studienabschnittts an der Universit\u00e4t\u00a0f\u00fcr Musik und darstellende Kunst in Wien.\u00a0Im Sommer 2016<\/span><span id=\"E81\"> und 2017<\/span><span id=\"E82\"> hat sie an den &#8222;Angelika Prokopp Sommerakademie der Wiener Philharmoniker&#8220;\u00a0Kammermusik-Meister<\/span><span id=\"E83\">kurs teilgenommen.<\/span><\/p>\n<p id=\"E85\"><span id=\"E86\">Sie hat <\/span><span id=\"E87\">in verschiedenen <\/span><span id=\"E88\">Besetzungen<\/span><span id=\"E89\"> in den beka<\/span><span id=\"E90\">nntesten S\u00e4al<\/span><span id=\"E91\">en <\/span><span id=\"E92\">im \u00d6sterreich gespielt (Wiener Musikverein, MuTh, <\/span><span id=\"E93\">Wiener Konzerthaus<\/span><span id=\"E94\">,<\/span><span id=\"E95\"> <\/span><span id=\"E96\">Brucknerhaus Linz, Musikverein Graz&#8230;) <\/span><\/p>\n<p id=\"E99\"><span id=\"E100\">Im <\/span><span id=\"E101\">Sommersemester 2017.<\/span><span id=\"E102\"> erhielt sie eine einzigartige Gelegenheit <\/span><span id=\"E103\">als Stipendiatin<\/span><span id=\"E104\"> Shanghai<\/span><span id=\"E105\">s<\/span><span id=\"E106\"> Konservatoruim <\/span><span id=\"E107\">f\u00fcr Musik in der Klasse<\/span><span id=\"E108\"> Prof. Jensen Lam<\/span><span id=\"E109\">s<\/span><span id=\"E110\"> <\/span><span id=\"E111\">zu studieren.<\/span><\/p>\n<p>[\/et_pb_text][\/et_pb_column][\/et_pb_row][\/et_pb_section]<\/p>","protected":false},"excerpt":{"rendered":"<p>Andjela Sibinovic \u00a0 Andjela\u00a0Sibinovic\u00a0wurde am 23. Juni 1996 in Belgrad, Serbien geboren und hat in der Musikschule Geige und auch Viola Unterricht bekommen. Sie hat viele Konzerte als Solistin, aber auch in Kammermusik-Ensambles\u00a0und in Orchestern\u00a0in\u00a0den gro\u00dfen\u00a0S\u00e4alen\u00a0im ganzen Serbien gespielt. \u00a0Im Sommer 2009 und 2010 hat \u00a0sie an den \u201cMusika\u00a0mundi\u201c Kammermusik-Meisterkurs in Belgien teilgenommen, mit Tutoren [&hellip;]<\/p>","protected":false},"author":1,"featured_media":0,"parent":242,"menu_order":0,"comment_status":"closed","ping_status":"closed","template":"","meta":{"_seopress_robots_primary_cat":"","_seopress_titles_title":"","_seopress_titles_desc":"","_seopress_robots_index":"","_et_pb_use_builder":"on","_et_pb_old_content":"<p id=\"E48\"><span id=\"E49\"><img class=\"alignnone size-medium wp-image-407\" src=\"http:\/\/tonderjugend.com\/wp-content\/uploads\/2018\/01\/andjela_sibinovic_ton_der_jugend-300x300.jpg\" alt=\"\" width=\"300\" height=\"300\" \/><\/span><\/p><p><span id=\"E49\">Andjela\u00a0Sibinovic\u00a0wurde am 23. Juni 1996 in Belgrad, Serbien geboren und hat in der Musikschule Geige und auch Viola Unterricht bekommen. Sie hat viele Konzerte als Solistin, aber auch in Kammermusik-Ensambles\u00a0und in Orchestern\u00a0in\u00a0den gro\u00dfen\u00a0S\u00e4alen\u00a0im ganzen Serbien gespielt.<\/span><span id=\"E50\"> <\/span><span id=\"E51\">\u00a0Im Sommer 2009 und 2010 hat \u00a0sie an den \u201cMusika\u00a0mundi\u201c Kammermusik-Meis<\/span><span id=\"E52\">terkurs in Belgien teilgenommen, mit Tutoren Maxim Vengerov, <\/span><span id=\"E53\">Ivry Gitlis, Jan Vanderwegen etc.<\/span><span id=\"E54\">\u00a0Sommer 2012 bekommt sie einen Abschluss von den Musikgymnasien \u201cMokranjac\u201c (Geige bei Prof. Viktor\u00a0Bajler) und ''Dr. Vojislav\u00a0Vu\u010dkovi\u0107'' (Viola bei Prof. Jovan Stojanovic). Seit 2012 studiert sie an der Universit\u00e4t\u00a0f\u00fcr Musik <\/span><span id=\"E55\">und darstellende Kunst in Wien bei Prof. Wolfgang Klos<\/span><span id=\"E56\">.<\/span><\/p><p id=\"E58\"><span id=\"E59\"> <\/span><span id=\"E60\">Im alter von 9 Jahre wurde mit dem Laureat des <\/span><span id=\"E61\">\u201eWettbewerbs <\/span><span id=\"E62\">des Republik Serbien\u201c ausgezeichnet. <\/span><span id=\"E63\">Sie <\/span><span id=\"E64\"> <\/span><span id=\"E65\">ist Preistr\u00e4gerin zahlreicher <\/span><span id=\"E66\">internationaler <\/span><span id=\"E67\">Wettbewerbe<\/span><span id=\"E68\"> in<\/span><span id=\"E69\"> <\/span><span id=\"E70\">Serbien, Italien, Rum\u00e4nien.I<\/span><span id=\"E71\">m Sommer 2015, hat sie\u00a0Sonderpreis f\u00fcr eine herausragende Interpretation der Sonate von Paul Hindemith,\u00a0w\u00e4hrend \"Brahms Wettbewerb\" in P\u00f6rtschach<\/span><span id=\"E72\">, \u00d6sterreich bekommen. Sie ist<\/span><span id=\"E73\"> <\/span><span id=\"E74\">erste <\/span><span id=\"E75\">Preistr\u00e4gerin des <\/span><span id=\"E76\">Landes<\/span><span id=\"E77\">- und <\/span><span id=\"E78\">Bundeswettbe<\/span><span id=\"E79\">werb Prima la musica<\/span><span id=\"E80\">. Sie hat der \u201cBenjamin-Preis\u201c bekommen, als die jungste Studentin des 2. Studienabschnittts an der Universit\u00e4t\u00a0f\u00fcr Musik und darstellende Kunst in Wien.\u00a0Im Sommer 2016<\/span><span id=\"E81\"> und 2017<\/span><span id=\"E82\"> hat sie an den \"Angelika Prokopp Sommerakademie der Wiener Philharmoniker\"\u00a0Kammermusik-Meister<\/span><span id=\"E83\">kurs teilgenommen.<\/span><\/p><p id=\"E85\"><span id=\"E86\">Sie hat <\/span><span id=\"E87\">in verschiedenen <\/span><span id=\"E88\">Besetzungen<\/span><span id=\"E89\"> in den beka<\/span><span id=\"E90\">nntesten S\u00e4al<\/span><span id=\"E91\">en <\/span><span id=\"E92\">im \u00d6sterreich gespielt (Wiener Musikverein, MuTh, <\/span><span id=\"E93\">Wiener Konzerthaus<\/span><span id=\"E94\">,<\/span><span id=\"E95\"> <\/span><span id=\"E96\">Brucknerhaus Linz, Musikverein Graz...) <\/span><\/p><p id=\"E99\"><span id=\"E100\">Im <\/span><span id=\"E101\">Sommersemester 2017.<\/span><span id=\"E102\"> erhielt sie eine einzigartige Gelegenheit <\/span><span id=\"E103\">als Stipendiatin<\/span><span id=\"E104\"> Shanghai<\/span><span id=\"E105\">s<\/span><span id=\"E106\"> Konservatoruim <\/span><span id=\"E107\">f\u00fcr Musik in der Klasse<\/span><span id=\"E108\"> Prof. Jensen Lam<\/span><span id=\"E109\">s<\/span><span id=\"E110\"> <\/span><span id=\"E111\">zu studieren.<\/span><\/p>","_et_gb_content_width":"","footnotes":""},"class_list":["post-366","page","type-page","status-publish","hentry"],"jetpack_sharing_enabled":true,"_links":{"self":[{"href":"https:\/\/tonderjugend.com\/en\/wp-json\/wp\/v2\/pages\/366","targetHints":{"allow":["GET"]}}],"collection":[{"href":"https:\/\/tonderjugend.com\/en\/wp-json\/wp\/v2\/pages"}],"about":[{"href":"https:\/\/tonderjugend.com\/en\/wp-json\/wp\/v2\/types\/page"}],"author":[{"embeddable":true,"href":"https:\/\/tonderjugend.com\/en\/wp-json\/wp\/v2\/users\/1"}],"replies":[{"embeddable":true,"href":"https:\/\/tonderjugend.com\/en\/wp-json\/wp\/v2\/comments?post=366"}],"version-history":[{"count":7,"href":"https:\/\/tonderjugend.com\/en\/wp-json\/wp\/v2\/pages\/366\/revisions"}],"predecessor-version":[{"id":4805,"href":"https:\/\/tonderjugend.com\/en\/wp-json\/wp\/v2\/pages\/366\/revisions\/4805"}],"up":[{"embeddable":true,"href":"https:\/\/tonderjugend.com\/en\/wp-json\/wp\/v2\/pages\/242"}],"wp:attachment":[{"href":"https:\/\/tonderjugend.com\/en\/wp-json\/wp\/v2\/media?parent=366"}],"curies":[{"name":"wp","href":"https:\/\/api.w.org\/{rel}","templated":true}]}}